{"id":114,"date":"2014-09-12T08:52:25","date_gmt":"2014-09-12T06:52:25","guid":{"rendered":"http:\/\/www.estudi33.org\/?page_id=114"},"modified":"2025-01-20T22:36:46","modified_gmt":"2025-01-20T21:36:46","slug":"produccions","status":"publish","type":"page","link":"https:\/\/www.estudi33.net\/es\/produccions\/","title":{"rendered":"Produccciones"},"content":{"rendered":"<p><\/p>\n<h2><strong>Locuciones y montajes musicales<\/strong><\/h2>\n<p style=\"text-align: justify;\">Estudi 33 se encarga de la grabaci\u00f3n y postproducci\u00f3n de textos publicitarios, informativos y narrativos.<\/p>\n<p style=\"text-align: justify;\">Cu\u00f1as radiof\u00f3nicas, spots televisivos, actos p\u00fablicos, contestadores autom\u00e1ticos, megafon\u00edas, documentales, desfiles, fiestas&#8230;<\/p>\n<p style=\"text-align: justify;\">Disponemos de voces masculinas, femeninas e infantiles para locutar en catal\u00e1n y castellano, con la correcta pronunciaci\u00f3n y dicci\u00f3n perfecta. Posibilidad de grabaci\u00f3n en otros idiomas: ingl\u00e9s, franc\u00e9s, alem\u00e1n o ruso.<\/p>\n<p style=\"text-align: justify;\">Estudi 33 entrega la pieza final en blanco \u2013 s\u00f3lo voz- o con montaje musical, dependiendo de las necesidades del cliente. Presupuestos a medida para cada proyecto.<\/p>\n<p style=\"text-align: justify;\">Aqu\u00ed encontrar\u00e1s algunas muestras del banco de voces de que disponemos. Todos los locutores se adaptan en cuanto a idioma y registro.<\/p>\n<h2 style=\"text-align: justify;\"><strong>Productora radiof\u00f3nica<\/strong><\/h2>\n<p style=\"text-align: justify;\">Estudi 33 produce programas por encargo. El objetivo: llenar una emisora de radio de contenido sin tener que disponer de material, del equipo, ni siquiera de una idea.<\/p>\n<p style=\"text-align: justify;\">Estudi 33 se adapta a la l\u00ednea de estilo seg\u00fan la programaci\u00f3n general de la emisora de radio y sirve a los espacios de la carta con contenido de tipo musical, gastron\u00f3mico, hist\u00f3rico, tur\u00edstico, Deportivo, medioambiental&#8230;<\/p>\n<p style=\"text-align: justify;\">Estudi 33 se adapta a la duraci\u00f3n propuesta y sirve un producto de calidad, del que se encarga de principio a fin: desde la idea inicial, pasando por el guion, la locuci\u00f3n y el montaje musical.<\/p>\n<p style=\"text-align: justify;\">Aqu\u00ed encontrar\u00e1s muestras de indicativos, promociones y programas producidos por Estudi 33.<\/p>\n<p><\/p>","protected":false},"excerpt":{"rendered":"<p>Locuciones y montajes musicales Estudi 33 se encarga de la grabaci\u00f3n y postproducci\u00f3n de textos publicitarios, informativos y narrativos. Cu\u00f1as radiof\u00f3nicas, spots televisivos, actos p\u00fablicos, contestadores autom\u00e1ticos, megafon\u00edas, documentales, desfiles, fiestas&#8230; Disponemos de voces masculinas, femeninas e infantiles para locutar en catal\u00e1n y castellano, con la correcta pronunciaci\u00f3n y dicci\u00f3n perfecta. Posibilidad de grabaci\u00f3n en<br \/><a class=\"moretag\" href=\"https:\/\/www.estudi33.net\/es\/produccions\/\">+ Read More<\/a><\/p>\n","protected":false},"author":1,"featured_media":2094,"parent":0,"menu_order":0,"comment_status":"open","ping_status":"closed","template":"templates\/page-fullwidth_template.php","meta":{"footnotes":""},"class_list":["post-114","page","type-page","status-publish","has-post-thumbnail","hentry"],"yoast_head":"<!-- This site is optimized with the Yoast SEO plugin v27.5 - https:\/\/yoast.com\/product\/yoast-seo-wordpress\/ -->\n<title>Produccciones - Estudi 33<\/title>\n<meta name=\"robots\" content=\"index, follow, max-snippet:-1, max-image-preview:large, max-video-preview:-1\" \/>\n<link rel=\"canonical\" href=\"https:\/\/www.estudi33.net\/produccions\/\" \/>\n<meta property=\"og:locale\" content=\"es_ES\" \/>\n<meta property=\"og:type\" content=\"article\" \/>\n<meta property=\"og:title\" content=\"[:ca]Produccions[:es]Produccciones[:] - Estudi 33\" \/>\n<meta property=\"og:description\" content=\"Locuciones y montajes musicales Estudi 33 se encarga de la grabaci\u00f3n y postproducci\u00f3n de textos publicitarios, informativos y narrativos. Cu\u00f1as radiof\u00f3nicas, spots televisivos, actos p\u00fablicos, contestadores autom\u00e1ticos, megafon\u00edas, documentales, desfiles, fiestas&#8230; Disponemos de voces masculinas, femeninas e infantiles para locutar en catal\u00e1n y castellano, con la correcta pronunciaci\u00f3n y dicci\u00f3n perfecta. Posibilidad de grabaci\u00f3n en+ Read More\" \/>\n<meta property=\"og:url\" content=\"https:\/\/www.estudi33.net\/produccions\/\" \/>\n<meta property=\"og:site_name\" content=\"Estudi 33\" \/>\n<meta property=\"article:publisher\" content=\"https:\/\/www.facebook.com\/estudi33produccions\/\" \/>\n<meta property=\"article:modified_time\" content=\"2025-01-20T21:36:46+00:00\" \/>\n<meta property=\"og:image\" content=\"https:\/\/www.estudi33.net\/wp-content\/uploads\/2018\/05\/Produccions-\u00e0udiovisuals-H-.jpg\" \/>\n\t<meta property=\"og:image:width\" content=\"1400\" \/>\n\t<meta property=\"og:image:height\" content=\"400\" \/>\n\t<meta property=\"og:image:type\" content=\"image\/jpeg\" \/>\n<meta name=\"twitter:card\" content=\"summary_large_image\" \/>\n<meta name=\"twitter:site\" content=\"@estudi33\" \/>\n<meta name=\"twitter:label1\" content=\"Tiempo de lectura\" \/>\n\t<meta name=\"twitter:data1\" content=\"2 minutos\" \/>\n<script type=\"application\/ld+json\" class=\"yoast-schema-graph\">{\"@context\":\"https:\\\/\\\/schema.org\",\"@graph\":[{\"@type\":\"WebPage\",\"@id\":\"https:\\\/\\\/www.estudi33.net\\\/produccions\\\/\",\"url\":\"https:\\\/\\\/www.estudi33.net\\\/produccions\\\/\",\"name\":\"[:ca]Produccions[:es]Produccciones[:] - Estudi 33\",\"isPartOf\":{\"@id\":\"https:\\\/\\\/www.estudi33.net\\\/#website\"},\"primaryImageOfPage\":{\"@id\":\"https:\\\/\\\/www.estudi33.net\\\/produccions\\\/#primaryimage\"},\"image\":{\"@id\":\"https:\\\/\\\/www.estudi33.net\\\/produccions\\\/#primaryimage\"},\"thumbnailUrl\":\"https:\\\/\\\/www.estudi33.net\\\/wp-content\\\/uploads\\\/2018\\\/05\\\/Produccions-\u00e0udiovisuals-H-.jpg\",\"datePublished\":\"2014-09-12T06:52:25+00:00\",\"dateModified\":\"2025-01-20T21:36:46+00:00\",\"breadcrumb\":{\"@id\":\"https:\\\/\\\/www.estudi33.net\\\/produccions\\\/#breadcrumb\"},\"inLanguage\":\"es\",\"potentialAction\":[{\"@type\":\"ReadAction\",\"target\":[\"https:\\\/\\\/www.estudi33.net\\\/produccions\\\/\"]}]},{\"@type\":\"ImageObject\",\"inLanguage\":\"es\",\"@id\":\"https:\\\/\\\/www.estudi33.net\\\/produccions\\\/#primaryimage\",\"url\":\"https:\\\/\\\/www.estudi33.net\\\/wp-content\\\/uploads\\\/2018\\\/05\\\/Produccions-\u00e0udiovisuals-H-.jpg\",\"contentUrl\":\"https:\\\/\\\/www.estudi33.net\\\/wp-content\\\/uploads\\\/2018\\\/05\\\/Produccions-\u00e0udiovisuals-H-.jpg\",\"width\":1400,\"height\":400,\"caption\":\"Produccions \u00e0udiovisuals | Estudi 33\"},{\"@type\":\"BreadcrumbList\",\"@id\":\"https:\\\/\\\/www.estudi33.net\\\/produccions\\\/#breadcrumb\",\"itemListElement\":[{\"@type\":\"ListItem\",\"position\":1,\"name\":\"Portada\",\"item\":\"https:\\\/\\\/www.estudi33.net\\\/\"},{\"@type\":\"ListItem\",\"position\":2,\"name\":\"Produccciones\"}]},{\"@type\":\"WebSite\",\"@id\":\"https:\\\/\\\/www.estudi33.net\\\/#website\",\"url\":\"https:\\\/\\\/www.estudi33.net\\\/\",\"name\":\"Estudi 33\",\"description\":\"Agencia de comunicaci\u00f3n en Girona\",\"publisher\":{\"@id\":\"https:\\\/\\\/www.estudi33.net\\\/#organization\"},\"potentialAction\":[{\"@type\":\"SearchAction\",\"target\":{\"@type\":\"EntryPoint\",\"urlTemplate\":\"https:\\\/\\\/www.estudi33.net\\\/?s={search_term_string}\"},\"query-input\":{\"@type\":\"PropertyValueSpecification\",\"valueRequired\":true,\"valueName\":\"search_term_string\"}}],\"inLanguage\":\"es\"},{\"@type\":\"Organization\",\"@id\":\"https:\\\/\\\/www.estudi33.net\\\/#organization\",\"name\":\"Estudi 33\",\"url\":\"https:\\\/\\\/www.estudi33.net\\\/\",\"logo\":{\"@type\":\"ImageObject\",\"inLanguage\":\"es\",\"@id\":\"https:\\\/\\\/www.estudi33.net\\\/#\\\/schema\\\/logo\\\/image\\\/\",\"url\":\"https:\\\/\\\/www.estudi33.net\\\/wp-content\\\/uploads\\\/2021\\\/02\\\/Estudi-33-Comunicacio-Marqueting-Logo.png\",\"contentUrl\":\"https:\\\/\\\/www.estudi33.net\\\/wp-content\\\/uploads\\\/2021\\\/02\\\/Estudi-33-Comunicacio-Marqueting-Logo.png\",\"width\":350,\"height\":116,\"caption\":\"Estudi 33\"},\"image\":{\"@id\":\"https:\\\/\\\/www.estudi33.net\\\/#\\\/schema\\\/logo\\\/image\\\/\"},\"sameAs\":[\"https:\\\/\\\/www.facebook.com\\\/estudi33produccions\\\/\",\"https:\\\/\\\/x.com\\\/estudi33\",\"https:\\\/\\\/www.instagram.com\\\/estudi33_produccions\\\/\",\"https:\\\/\\\/www.linkedin.com\\\/company-beta\\\/2639775\\\/\",\"https:\\\/\\\/www.youtube.com\\\/channel\\\/UCvKHQ6x3z705QdUg8dx9AsQ\"]}]}<\/script>\n<!-- \/ Yoast SEO plugin. -->","yoast_head_json":{"title":"[:ca]Produccions[:es]Produccciones[:] - Estudi 33","robots":{"index":"index","follow":"follow","max-snippet":"max-snippet:-1","max-image-preview":"max-image-preview:large","max-video-preview":"max-video-preview:-1"},"canonical":"https:\/\/www.estudi33.net\/produccions\/","og_locale":"es_ES","og_type":"article","og_title":"[:ca]Produccions[:es]Produccciones[:] - Estudi 33","og_description":"Locuciones y montajes musicales Estudi 33 se encarga de la grabaci\u00f3n y postproducci\u00f3n de textos publicitarios, informativos y narrativos. Cu\u00f1as radiof\u00f3nicas, spots televisivos, actos p\u00fablicos, contestadores autom\u00e1ticos, megafon\u00edas, documentales, desfiles, fiestas&#8230; Disponemos de voces masculinas, femeninas e infantiles para locutar en catal\u00e1n y castellano, con la correcta pronunciaci\u00f3n y dicci\u00f3n perfecta. Posibilidad de grabaci\u00f3n en+ Read More","og_url":"https:\/\/www.estudi33.net\/produccions\/","og_site_name":"Estudi 33","article_publisher":"https:\/\/www.facebook.com\/estudi33produccions\/","article_modified_time":"2025-01-20T21:36:46+00:00","og_image":[{"width":1400,"height":400,"url":"https:\/\/www.estudi33.net\/wp-content\/uploads\/2018\/05\/Produccions-\u00e0udiovisuals-H-.jpg","type":"image\/jpeg"}],"twitter_card":"summary_large_image","twitter_site":"@estudi33","twitter_misc":{"Tiempo de lectura":"2 minutos"},"schema":{"@context":"https:\/\/schema.org","@graph":[{"@type":"WebPage","@id":"https:\/\/www.estudi33.net\/produccions\/","url":"https:\/\/www.estudi33.net\/produccions\/","name":"[:ca]Produccions[:es]Produccciones[:] - Estudi 33","isPartOf":{"@id":"https:\/\/www.estudi33.net\/#website"},"primaryImageOfPage":{"@id":"https:\/\/www.estudi33.net\/produccions\/#primaryimage"},"image":{"@id":"https:\/\/www.estudi33.net\/produccions\/#primaryimage"},"thumbnailUrl":"https:\/\/www.estudi33.net\/wp-content\/uploads\/2018\/05\/Produccions-\u00e0udiovisuals-H-.jpg","datePublished":"2014-09-12T06:52:25+00:00","dateModified":"2025-01-20T21:36:46+00:00","breadcrumb":{"@id":"https:\/\/www.estudi33.net\/produccions\/#breadcrumb"},"inLanguage":"es","potentialAction":[{"@type":"ReadAction","target":["https:\/\/www.estudi33.net\/produccions\/"]}]},{"@type":"ImageObject","inLanguage":"es","@id":"https:\/\/www.estudi33.net\/produccions\/#primaryimage","url":"https:\/\/www.estudi33.net\/wp-content\/uploads\/2018\/05\/Produccions-\u00e0udiovisuals-H-.jpg","contentUrl":"https:\/\/www.estudi33.net\/wp-content\/uploads\/2018\/05\/Produccions-\u00e0udiovisuals-H-.jpg","width":1400,"height":400,"caption":"Produccions \u00e0udiovisuals | Estudi 33"},{"@type":"BreadcrumbList","@id":"https:\/\/www.estudi33.net\/produccions\/#breadcrumb","itemListElement":[{"@type":"ListItem","position":1,"name":"Portada","item":"https:\/\/www.estudi33.net\/"},{"@type":"ListItem","position":2,"name":"Produccciones"}]},{"@type":"WebSite","@id":"https:\/\/www.estudi33.net\/#website","url":"https:\/\/www.estudi33.net\/","name":"Estudi 33","description":"Agencia de comunicaci\u00f3n en Girona","publisher":{"@id":"https:\/\/www.estudi33.net\/#organization"},"potentialAction":[{"@type":"SearchAction","target":{"@type":"EntryPoint","urlTemplate":"https:\/\/www.estudi33.net\/?s={search_term_string}"},"query-input":{"@type":"PropertyValueSpecification","valueRequired":true,"valueName":"search_term_string"}}],"inLanguage":"es"},{"@type":"Organization","@id":"https:\/\/www.estudi33.net\/#organization","name":"Estudi 33","url":"https:\/\/www.estudi33.net\/","logo":{"@type":"ImageObject","inLanguage":"es","@id":"https:\/\/www.estudi33.net\/#\/schema\/logo\/image\/","url":"https:\/\/www.estudi33.net\/wp-content\/uploads\/2021\/02\/Estudi-33-Comunicacio-Marqueting-Logo.png","contentUrl":"https:\/\/www.estudi33.net\/wp-content\/uploads\/2021\/02\/Estudi-33-Comunicacio-Marqueting-Logo.png","width":350,"height":116,"caption":"Estudi 33"},"image":{"@id":"https:\/\/www.estudi33.net\/#\/schema\/logo\/image\/"},"sameAs":["https:\/\/www.facebook.com\/estudi33produccions\/","https:\/\/x.com\/estudi33","https:\/\/www.instagram.com\/estudi33_produccions\/","https:\/\/www.linkedin.com\/company-beta\/2639775\/","https:\/\/www.youtube.com\/channel\/UCvKHQ6x3z705QdUg8dx9AsQ"]}]}},"_links":{"self":[{"href":"https:\/\/www.estudi33.net\/es\/wp-json\/wp\/v2\/pages\/114","targetHints":{"allow":["GET"]}}],"collection":[{"href":"https:\/\/www.estudi33.net\/es\/wp-json\/wp\/v2\/pages"}],"about":[{"href":"https:\/\/www.estudi33.net\/es\/wp-json\/wp\/v2\/types\/page"}],"author":[{"embeddable":true,"href":"https:\/\/www.estudi33.net\/es\/wp-json\/wp\/v2\/users\/1"}],"replies":[{"embeddable":true,"href":"https:\/\/www.estudi33.net\/es\/wp-json\/wp\/v2\/comments?post=114"}],"version-history":[{"count":0,"href":"https:\/\/www.estudi33.net\/es\/wp-json\/wp\/v2\/pages\/114\/revisions"}],"wp:featuredmedia":[{"embeddable":true,"href":"https:\/\/www.estudi33.net\/es\/wp-json\/wp\/v2\/media\/2094"}],"wp:attachment":[{"href":"https:\/\/www.estudi33.net\/es\/wp-json\/wp\/v2\/media?parent=114"}],"curies":[{"name":"wp","href":"https:\/\/api.w.org\/{rel}","templated":true}]}}