{"id":1173,"date":"2017-03-02T16:44:53","date_gmt":"2017-03-02T16:44:53","guid":{"rendered":"http:\/\/www.estudi33.org\/?page_id=1173"},"modified":"2026-04-23T22:30:22","modified_gmt":"2026-04-23T20:30:22","slug":"home-explicans-la-teva-idea","status":"publish","type":"page","link":"https:\/\/www.estudi33.net\/es\/home-explicans-la-teva-idea\/","title":{"rendered":"Home &#8211; Expl\u00edcanos tu idea"},"content":{"rendered":"\t\t<div data-elementor-type=\"wp-page\" data-elementor-id=\"1173\" class=\"elementor elementor-1173\" data-elementor-post-type=\"page\">\n\t\t\t\t\t\t<section class=\"elementor-section elementor-top-section elementor-element elementor-element-2aeb4fc elementor-section-full_width elementor-section-height-default elementor-section-height-default\" data-id=\"2aeb4fc\" data-element_type=\"section\" data-e-type=\"section\">\n\t\t\t\t\t\t<div class=\"elementor-container elementor-column-gap-default\">\n\t\t\t\t\t<div class=\"elementor-column elementor-col-100 elementor-top-column elementor-element elementor-element-25bd660\" data-id=\"25bd660\" data-element_type=\"column\" data-e-type=\"column\">\n\t\t\t<div class=\"elementor-widget-wrap elementor-element-populated\">\n\t\t\t\t\t\t<div class=\"elementor-element elementor-element-50fc17f elementor-widget elementor-widget-heading\" data-id=\"50fc17f\" data-element_type=\"widget\" data-e-type=\"widget\" data-widget_type=\"heading.default\">\n\t\t\t\t\t<h2 class=\"elementor-heading-title elementor-size-default\">Per qu\u00e8 confiar en nosaltres com la teva ag\u00e8ncia de comunicaci\u00f3?<\/h2>\t\t\t\t<\/div>\n\t\t\t\t<div class=\"elementor-element elementor-element-d804a4b elementor-widget elementor-widget-text-editor\" data-id=\"d804a4b\" data-element_type=\"widget\" data-e-type=\"widget\" data-widget_type=\"text-editor.default\">\n\t\t\t\t\t\t\t\t\t<p>Triar Estudi 33 significa guanyar la pau mental de tenir un ve\u00ed expert al teu costat. Amb m\u00e9s de 20 anys de traject\u00f2ria a Sant Feliu de Gu\u00edxols, coneixem profundament el mercat local de Girona i la Costa Brava, cosa que les ag\u00e8ncies remotes no et poden oferir.<\/p><p>No som nom\u00e9s un prove\u00efdor; som el teu departament de m\u00e0rqueting extern que elimina l&#8217;ansietat t\u00e8cnica. En disposar d&#8217;infraestructura pr\u00f2pia i servidors locals, garantim una resposta immediata davant de qualsevol necessitat t\u00e8cnica.<\/p><p>A m\u00e9s, com a propietaris de mitjans com Horitz\u00f3, oferim als nostres clients un acc\u00e9s privilegiat a audi\u00e8ncies segmentades de la nostra terra, assegurant que la teva inversi\u00f3 es tradueixi en \u00e8xit empresarial sense friccions.<\/p>\t\t\t\t\t\t\t\t<\/div>\n\t\t\t\t\t<\/div>\n\t\t<\/div>\n\t\t\t\t\t<\/div>\n\t\t<\/section>\n\t\t\t\t<section class=\"elementor-section elementor-top-section elementor-element elementor-element-1385622 elementor-section-full_width elementor-section-height-default elementor-section-height-default\" data-id=\"1385622\" data-element_type=\"section\" data-e-type=\"section\" data-settings=\"{&quot;background_background&quot;:&quot;classic&quot;}\">\n\t\t\t\t\t\t<div class=\"elementor-container elementor-column-gap-default\">\n\t\t\t\t\t<div class=\"elementor-column elementor-col-50 elementor-top-column elementor-element elementor-element-3884b74\" data-id=\"3884b74\" data-element_type=\"column\" data-e-type=\"column\" data-settings=\"{&quot;background_background&quot;:&quot;classic&quot;}\">\n\t\t\t<div class=\"elementor-widget-wrap elementor-element-populated\">\n\t\t\t\t\t\t<div class=\"elementor-element elementor-element-773b6fb premium-atext__switch elementor-widget elementor-widget-premium-addon-fancy-text\" data-id=\"773b6fb\" data-element_type=\"widget\" data-e-type=\"widget\" data-widget_type=\"premium-addon-fancy-text.default\">\n\t\t\t\t\t\t\t<div class=\"premium-atext__wrapper premium-atext__typing \" data-start-effect=\"page_load\" data-settings=\"{&quot;effect&quot;:&quot;typing&quot;,&quot;strings&quot;:[&quot;la teva idea&quot;,&quot;qu\\u00e8 necessites&quot;,&quot;en qu\\u00e8 et podem ajudar&quot;],&quot;typeSpeed&quot;:200,&quot;backSpeed&quot;:150,&quot;startDelay&quot;:40,&quot;backDelay&quot;:1000,&quot;showCursor&quot;:true,&quot;loop&quot;:true,&quot;loading&quot;:false,&quot;style&quot;:&quot;switch&quot;}\">\n\n\t\t\t<h3 class=\"premium-atext__headline\">\n\t\t\t\t\t\t\t<span class=\"premium-prefix-text\">\n\t\t\t\t\t<span >Explica'ns <\/span>\n\t\t\t\t<\/span>\n\t\t\t\n\t\t\t\t\t\t<span class=\"premium-atext__text\"><\/span>\n\t\t\n\t\t\t\n\t\t\t\n\t\t\t<\/h3>\n\t\t<\/div>\n\t\t\t\t\t\t<\/div>\n\t\t\t\t<div class=\"elementor-element elementor-element-4111203 elementor-widget elementor-widget-heading\" data-id=\"4111203\" data-element_type=\"widget\" data-e-type=\"widget\" data-widget_type=\"heading.default\">\n\t\t\t\t\t<h2 class=\"elementor-heading-title elementor-size-default\">...T'assessorem sense comprom\u00eds<\/h2>\t\t\t\t<\/div>\n\t\t\t\t\t<\/div>\n\t\t<\/div>\n\t\t\t\t<div class=\"elementor-column elementor-col-50 elementor-top-column elementor-element elementor-element-ae065a4\" data-id=\"ae065a4\" data-element_type=\"column\" data-e-type=\"column\">\n\t\t\t<div class=\"elementor-widget-wrap elementor-element-populated\">\n\t\t\t\t\t\t<div class=\"elementor-element elementor-element-17d1c3f elementor-align-center elementor-widget elementor-widget-button\" data-id=\"17d1c3f\" data-element_type=\"widget\" data-e-type=\"widget\" data-widget_type=\"button.default\">\n\t\t\t\t\t\t\t\t\t\t<a class=\"elementor-button elementor-button-link elementor-size-md elementor-animation-hang\" href=\"http:\/\/estudi33.net\/contacte\/\">\n\t\t\t\t\t\t<span class=\"elementor-button-content-wrapper\">\n\t\t\t\t\t\t\t\t\t<span class=\"elementor-button-text\">Contacta amb nosaltres<\/span>\n\t\t\t\t\t<\/span>\n\t\t\t\t\t<\/a>\n\t\t\t\t\t\t\t\t<\/div>\n\t\t\t\t\t<\/div>\n\t\t<\/div>\n\t\t\t\t\t<\/div>\n\t\t<\/section>\n\t\t\t\t<\/div>\n\t\t","protected":false},"excerpt":{"rendered":"<p>\u00bfPor qu\u00e9 confiar en nosotros como tu agencia de comunicaci\u00f3n? Elegir a Estudi 33 significa ganar la paz mental de tener a un vecino experto a tu lado. Con m\u00e1s de 20 a\u00f1os de trayectoria en Sant Feliu de Gu\u00edxols, conocemos profundamente el mercado local de Girona y la Costa Brava, algo que las agencias<br \/><a class=\"moretag\" href=\"https:\/\/www.estudi33.net\/es\/home-explicans-la-teva-idea\/\">+ Read More<\/a><\/p>\n","protected":false},"author":1,"featured_media":0,"parent":0,"menu_order":0,"comment_status":"closed","ping_status":"closed","template":"templates\/page-fullwidth_template.php","meta":{"footnotes":""},"class_list":["post-1173","page","type-page","status-publish","hentry"],"yoast_head":"<!-- This site is optimized with the Yoast SEO plugin v27.5 - https:\/\/yoast.com\/product\/yoast-seo-wordpress\/ -->\n<title>Home - Expl\u00edcanos tu idea - Estudi 33<\/title>\n<meta name=\"robots\" content=\"index, follow, max-snippet:-1, max-image-preview:large, max-video-preview:-1\" \/>\n<link rel=\"canonical\" href=\"https:\/\/www.estudi33.net\/home-explicans-la-teva-idea\/\" \/>\n<meta property=\"og:locale\" content=\"es_ES\" \/>\n<meta property=\"og:type\" content=\"article\" \/>\n<meta property=\"og:title\" content=\"[:ca]Home - Explica&#039;ns la teva idea[:es]Home - Expl\u00edcanos tu idea[:] - Estudi 33\" \/>\n<meta property=\"og:description\" content=\"\u00bfPor qu\u00e9 confiar en nosotros como tu agencia de comunicaci\u00f3n? Elegir a Estudi 33 significa ganar la paz mental de tener a un vecino experto a tu lado. Con m\u00e1s de 20 a\u00f1os de trayectoria en Sant Feliu de Gu\u00edxols, conocemos profundamente el mercado local de Girona y la Costa Brava, algo que las agencias+ Read More\" \/>\n<meta property=\"og:url\" content=\"https:\/\/www.estudi33.net\/home-explicans-la-teva-idea\/\" \/>\n<meta property=\"og:site_name\" content=\"Estudi 33\" \/>\n<meta property=\"article:publisher\" content=\"https:\/\/www.facebook.com\/estudi33produccions\/\" \/>\n<meta property=\"article:modified_time\" content=\"2026-04-23T20:30:22+00:00\" \/>\n<meta name=\"twitter:card\" content=\"summary_large_image\" \/>\n<meta name=\"twitter:site\" content=\"@estudi33\" \/>\n<meta name=\"twitter:label1\" content=\"Tiempo de lectura\" \/>\n\t<meta name=\"twitter:data1\" content=\"1 minuto\" \/>\n<script type=\"application\/ld+json\" class=\"yoast-schema-graph\">{\"@context\":\"https:\\\/\\\/schema.org\",\"@graph\":[{\"@type\":\"WebPage\",\"@id\":\"https:\\\/\\\/www.estudi33.net\\\/home-explicans-la-teva-idea\\\/\",\"url\":\"https:\\\/\\\/www.estudi33.net\\\/home-explicans-la-teva-idea\\\/\",\"name\":\"[:ca]Home - Explica'ns la teva idea[:es]Home - Expl\u00edcanos tu idea[:] - Estudi 33\",\"isPartOf\":{\"@id\":\"https:\\\/\\\/www.estudi33.net\\\/#website\"},\"datePublished\":\"2017-03-02T16:44:53+00:00\",\"dateModified\":\"2026-04-23T20:30:22+00:00\",\"breadcrumb\":{\"@id\":\"https:\\\/\\\/www.estudi33.net\\\/home-explicans-la-teva-idea\\\/#breadcrumb\"},\"inLanguage\":\"es\",\"potentialAction\":[{\"@type\":\"ReadAction\",\"target\":[\"https:\\\/\\\/www.estudi33.net\\\/home-explicans-la-teva-idea\\\/\"]}]},{\"@type\":\"BreadcrumbList\",\"@id\":\"https:\\\/\\\/www.estudi33.net\\\/home-explicans-la-teva-idea\\\/#breadcrumb\",\"itemListElement\":[{\"@type\":\"ListItem\",\"position\":1,\"name\":\"Portada\",\"item\":\"https:\\\/\\\/www.estudi33.net\\\/\"},{\"@type\":\"ListItem\",\"position\":2,\"name\":\"Home &#8211; Expl\u00edcanos tu idea\"}]},{\"@type\":\"WebSite\",\"@id\":\"https:\\\/\\\/www.estudi33.net\\\/#website\",\"url\":\"https:\\\/\\\/www.estudi33.net\\\/\",\"name\":\"Estudi 33\",\"description\":\"Agencia de comunicaci\u00f3n en Girona\",\"publisher\":{\"@id\":\"https:\\\/\\\/www.estudi33.net\\\/#organization\"},\"potentialAction\":[{\"@type\":\"SearchAction\",\"target\":{\"@type\":\"EntryPoint\",\"urlTemplate\":\"https:\\\/\\\/www.estudi33.net\\\/?s={search_term_string}\"},\"query-input\":{\"@type\":\"PropertyValueSpecification\",\"valueRequired\":true,\"valueName\":\"search_term_string\"}}],\"inLanguage\":\"es\"},{\"@type\":\"Organization\",\"@id\":\"https:\\\/\\\/www.estudi33.net\\\/#organization\",\"name\":\"Estudi 33\",\"url\":\"https:\\\/\\\/www.estudi33.net\\\/\",\"logo\":{\"@type\":\"ImageObject\",\"inLanguage\":\"es\",\"@id\":\"https:\\\/\\\/www.estudi33.net\\\/#\\\/schema\\\/logo\\\/image\\\/\",\"url\":\"https:\\\/\\\/www.estudi33.net\\\/wp-content\\\/uploads\\\/2021\\\/02\\\/Estudi-33-Comunicacio-Marqueting-Logo.png\",\"contentUrl\":\"https:\\\/\\\/www.estudi33.net\\\/wp-content\\\/uploads\\\/2021\\\/02\\\/Estudi-33-Comunicacio-Marqueting-Logo.png\",\"width\":350,\"height\":116,\"caption\":\"Estudi 33\"},\"image\":{\"@id\":\"https:\\\/\\\/www.estudi33.net\\\/#\\\/schema\\\/logo\\\/image\\\/\"},\"sameAs\":[\"https:\\\/\\\/www.facebook.com\\\/estudi33produccions\\\/\",\"https:\\\/\\\/x.com\\\/estudi33\",\"https:\\\/\\\/www.instagram.com\\\/estudi33_produccions\\\/\",\"https:\\\/\\\/www.linkedin.com\\\/company-beta\\\/2639775\\\/\",\"https:\\\/\\\/www.youtube.com\\\/channel\\\/UCvKHQ6x3z705QdUg8dx9AsQ\"]}]}<\/script>\n<!-- \/ Yoast SEO plugin. -->","yoast_head_json":{"title":"[:ca]Home - Explica'ns la teva idea[:es]Home - Expl\u00edcanos tu idea[:] - Estudi 33","robots":{"index":"index","follow":"follow","max-snippet":"max-snippet:-1","max-image-preview":"max-image-preview:large","max-video-preview":"max-video-preview:-1"},"canonical":"https:\/\/www.estudi33.net\/home-explicans-la-teva-idea\/","og_locale":"es_ES","og_type":"article","og_title":"[:ca]Home - Explica'ns la teva idea[:es]Home - Expl\u00edcanos tu idea[:] - Estudi 33","og_description":"\u00bfPor qu\u00e9 confiar en nosotros como tu agencia de comunicaci\u00f3n? Elegir a Estudi 33 significa ganar la paz mental de tener a un vecino experto a tu lado. Con m\u00e1s de 20 a\u00f1os de trayectoria en Sant Feliu de Gu\u00edxols, conocemos profundamente el mercado local de Girona y la Costa Brava, algo que las agencias+ Read More","og_url":"https:\/\/www.estudi33.net\/home-explicans-la-teva-idea\/","og_site_name":"Estudi 33","article_publisher":"https:\/\/www.facebook.com\/estudi33produccions\/","article_modified_time":"2026-04-23T20:30:22+00:00","twitter_card":"summary_large_image","twitter_site":"@estudi33","twitter_misc":{"Tiempo de lectura":"1 minuto"},"schema":{"@context":"https:\/\/schema.org","@graph":[{"@type":"WebPage","@id":"https:\/\/www.estudi33.net\/home-explicans-la-teva-idea\/","url":"https:\/\/www.estudi33.net\/home-explicans-la-teva-idea\/","name":"[:ca]Home - Explica'ns la teva idea[:es]Home - Expl\u00edcanos tu idea[:] - Estudi 33","isPartOf":{"@id":"https:\/\/www.estudi33.net\/#website"},"datePublished":"2017-03-02T16:44:53+00:00","dateModified":"2026-04-23T20:30:22+00:00","breadcrumb":{"@id":"https:\/\/www.estudi33.net\/home-explicans-la-teva-idea\/#breadcrumb"},"inLanguage":"es","potentialAction":[{"@type":"ReadAction","target":["https:\/\/www.estudi33.net\/home-explicans-la-teva-idea\/"]}]},{"@type":"BreadcrumbList","@id":"https:\/\/www.estudi33.net\/home-explicans-la-teva-idea\/#breadcrumb","itemListElement":[{"@type":"ListItem","position":1,"name":"Portada","item":"https:\/\/www.estudi33.net\/"},{"@type":"ListItem","position":2,"name":"Home &#8211; Expl\u00edcanos tu idea"}]},{"@type":"WebSite","@id":"https:\/\/www.estudi33.net\/#website","url":"https:\/\/www.estudi33.net\/","name":"Estudi 33","description":"Agencia de comunicaci\u00f3n en Girona","publisher":{"@id":"https:\/\/www.estudi33.net\/#organization"},"potentialAction":[{"@type":"SearchAction","target":{"@type":"EntryPoint","urlTemplate":"https:\/\/www.estudi33.net\/?s={search_term_string}"},"query-input":{"@type":"PropertyValueSpecification","valueRequired":true,"valueName":"search_term_string"}}],"inLanguage":"es"},{"@type":"Organization","@id":"https:\/\/www.estudi33.net\/#organization","name":"Estudi 33","url":"https:\/\/www.estudi33.net\/","logo":{"@type":"ImageObject","inLanguage":"es","@id":"https:\/\/www.estudi33.net\/#\/schema\/logo\/image\/","url":"https:\/\/www.estudi33.net\/wp-content\/uploads\/2021\/02\/Estudi-33-Comunicacio-Marqueting-Logo.png","contentUrl":"https:\/\/www.estudi33.net\/wp-content\/uploads\/2021\/02\/Estudi-33-Comunicacio-Marqueting-Logo.png","width":350,"height":116,"caption":"Estudi 33"},"image":{"@id":"https:\/\/www.estudi33.net\/#\/schema\/logo\/image\/"},"sameAs":["https:\/\/www.facebook.com\/estudi33produccions\/","https:\/\/x.com\/estudi33","https:\/\/www.instagram.com\/estudi33_produccions\/","https:\/\/www.linkedin.com\/company-beta\/2639775\/","https:\/\/www.youtube.com\/channel\/UCvKHQ6x3z705QdUg8dx9AsQ"]}]}},"_links":{"self":[{"href":"https:\/\/www.estudi33.net\/es\/wp-json\/wp\/v2\/pages\/1173","targetHints":{"allow":["GET"]}}],"collection":[{"href":"https:\/\/www.estudi33.net\/es\/wp-json\/wp\/v2\/pages"}],"about":[{"href":"https:\/\/www.estudi33.net\/es\/wp-json\/wp\/v2\/types\/page"}],"author":[{"embeddable":true,"href":"https:\/\/www.estudi33.net\/es\/wp-json\/wp\/v2\/users\/1"}],"replies":[{"embeddable":true,"href":"https:\/\/www.estudi33.net\/es\/wp-json\/wp\/v2\/comments?post=1173"}],"version-history":[{"count":0,"href":"https:\/\/www.estudi33.net\/es\/wp-json\/wp\/v2\/pages\/1173\/revisions"}],"wp:attachment":[{"href":"https:\/\/www.estudi33.net\/es\/wp-json\/wp\/v2\/media?parent=1173"}],"curies":[{"name":"wp","href":"https:\/\/api.w.org\/{rel}","templated":true}]}}