{"id":3010,"date":"2019-05-03T00:20:10","date_gmt":"2019-05-02T22:20:10","guid":{"rendered":"http:\/\/estudi33.net\/?page_id=3010"},"modified":"2025-01-20T22:35:28","modified_gmt":"2025-01-20T21:35:28","slug":"els-nostres-clients","status":"publish","type":"page","link":"https:\/\/www.estudi33.net\/es\/els-nostres-clients\/","title":{"rendered":"Nuestros clientes"},"content":{"rendered":"<p><\/p>\n<p style=\"text-align: justify;\">A ellos nos debemos, para ellos trabajamos, gracias a ellos vamos creciendo.<\/p>\n<p style=\"text-align: justify;\">Importante dedicar esta secci\u00f3n a todos los clientes que d\u00eda detr\u00e1s d\u00eda conf\u00edan en <strong>Estudi 33<\/strong>.<\/p>\n<p style=\"text-align: justify;\">Algunos hace m\u00e1s de 10 a\u00f1os que lo hacen; otros son m\u00e1s recientes. Pero todos formamos parte de una gran familia.<\/p>\n<h3 style=\"text-align: justify;\">\u00a1Mil gracias!<\/h3>\n<p><\/p>","protected":false},"excerpt":{"rendered":"<p>A ellos nos debemos, para ellos trabajamos, gracias a ellos vamos creciendo. Importante dedicar esta secci\u00f3n a todos los clientes que d\u00eda detr\u00e1s d\u00eda conf\u00edan en Estudi 33. Algunos hace m\u00e1s de 10 a\u00f1os que lo hacen; otros son m\u00e1s recientes. Pero todos formamos parte de una gran familia. \u00a1Mil gracias!<\/p>\n","protected":false},"author":1,"featured_media":0,"parent":0,"menu_order":0,"comment_status":"closed","ping_status":"closed","template":"templates\/page-fullwidth_template.php","meta":{"footnotes":""},"class_list":["post-3010","page","type-page","status-publish","hentry"],"yoast_head":"<!-- This site is optimized with the Yoast SEO plugin v27.5 - https:\/\/yoast.com\/product\/yoast-seo-wordpress\/ -->\n<title>Nuestros clientes - Estudi 33<\/title>\n<meta name=\"robots\" content=\"index, follow, max-snippet:-1, max-image-preview:large, max-video-preview:-1\" \/>\n<link rel=\"canonical\" href=\"https:\/\/www.estudi33.net\/els-nostres-clients\/\" \/>\n<meta property=\"og:locale\" content=\"es_ES\" \/>\n<meta property=\"og:type\" content=\"article\" \/>\n<meta property=\"og:title\" content=\"[:ca]Els nostres clients[:es]Nuestros clientes[:] - Estudi 33\" \/>\n<meta property=\"og:description\" content=\"A ellos nos debemos, para ellos trabajamos, gracias a ellos vamos creciendo. Importante dedicar esta secci\u00f3n a todos los clientes que d\u00eda detr\u00e1s d\u00eda conf\u00edan en Estudi 33. Algunos hace m\u00e1s de 10 a\u00f1os que lo hacen; otros son m\u00e1s recientes. Pero todos formamos parte de una gran familia. \u00a1Mil gracias!\" \/>\n<meta property=\"og:url\" content=\"https:\/\/www.estudi33.net\/els-nostres-clients\/\" \/>\n<meta property=\"og:site_name\" content=\"Estudi 33\" \/>\n<meta property=\"article:publisher\" content=\"https:\/\/www.facebook.com\/estudi33produccions\/\" \/>\n<meta property=\"article:modified_time\" content=\"2025-01-20T21:35:28+00:00\" \/>\n<meta name=\"twitter:card\" content=\"summary_large_image\" \/>\n<meta name=\"twitter:site\" content=\"@estudi33\" \/>\n<meta name=\"twitter:label1\" content=\"Tiempo de lectura\" \/>\n\t<meta name=\"twitter:data1\" content=\"1 minuto\" \/>\n<script type=\"application\/ld+json\" class=\"yoast-schema-graph\">{\"@context\":\"https:\\\/\\\/schema.org\",\"@graph\":[{\"@type\":\"WebPage\",\"@id\":\"https:\\\/\\\/www.estudi33.net\\\/els-nostres-clients\\\/\",\"url\":\"https:\\\/\\\/www.estudi33.net\\\/els-nostres-clients\\\/\",\"name\":\"[:ca]Els nostres clients[:es]Nuestros clientes[:] - Estudi 33\",\"isPartOf\":{\"@id\":\"https:\\\/\\\/www.estudi33.net\\\/#website\"},\"datePublished\":\"2019-05-02T22:20:10+00:00\",\"dateModified\":\"2025-01-20T21:35:28+00:00\",\"breadcrumb\":{\"@id\":\"https:\\\/\\\/www.estudi33.net\\\/els-nostres-clients\\\/#breadcrumb\"},\"inLanguage\":\"es\",\"potentialAction\":[{\"@type\":\"ReadAction\",\"target\":[\"https:\\\/\\\/www.estudi33.net\\\/els-nostres-clients\\\/\"]}]},{\"@type\":\"BreadcrumbList\",\"@id\":\"https:\\\/\\\/www.estudi33.net\\\/els-nostres-clients\\\/#breadcrumb\",\"itemListElement\":[{\"@type\":\"ListItem\",\"position\":1,\"name\":\"Portada\",\"item\":\"https:\\\/\\\/www.estudi33.net\\\/\"},{\"@type\":\"ListItem\",\"position\":2,\"name\":\"Nuestros clientes\"}]},{\"@type\":\"WebSite\",\"@id\":\"https:\\\/\\\/www.estudi33.net\\\/#website\",\"url\":\"https:\\\/\\\/www.estudi33.net\\\/\",\"name\":\"Estudi 33\",\"description\":\"Agencia de comunicaci\u00f3n en Girona\",\"publisher\":{\"@id\":\"https:\\\/\\\/www.estudi33.net\\\/#organization\"},\"potentialAction\":[{\"@type\":\"SearchAction\",\"target\":{\"@type\":\"EntryPoint\",\"urlTemplate\":\"https:\\\/\\\/www.estudi33.net\\\/?s={search_term_string}\"},\"query-input\":{\"@type\":\"PropertyValueSpecification\",\"valueRequired\":true,\"valueName\":\"search_term_string\"}}],\"inLanguage\":\"es\"},{\"@type\":\"Organization\",\"@id\":\"https:\\\/\\\/www.estudi33.net\\\/#organization\",\"name\":\"Estudi 33\",\"url\":\"https:\\\/\\\/www.estudi33.net\\\/\",\"logo\":{\"@type\":\"ImageObject\",\"inLanguage\":\"es\",\"@id\":\"https:\\\/\\\/www.estudi33.net\\\/#\\\/schema\\\/logo\\\/image\\\/\",\"url\":\"https:\\\/\\\/www.estudi33.net\\\/wp-content\\\/uploads\\\/2021\\\/02\\\/Estudi-33-Comunicacio-Marqueting-Logo.png\",\"contentUrl\":\"https:\\\/\\\/www.estudi33.net\\\/wp-content\\\/uploads\\\/2021\\\/02\\\/Estudi-33-Comunicacio-Marqueting-Logo.png\",\"width\":350,\"height\":116,\"caption\":\"Estudi 33\"},\"image\":{\"@id\":\"https:\\\/\\\/www.estudi33.net\\\/#\\\/schema\\\/logo\\\/image\\\/\"},\"sameAs\":[\"https:\\\/\\\/www.facebook.com\\\/estudi33produccions\\\/\",\"https:\\\/\\\/x.com\\\/estudi33\",\"https:\\\/\\\/www.instagram.com\\\/estudi33_produccions\\\/\",\"https:\\\/\\\/www.linkedin.com\\\/company-beta\\\/2639775\\\/\",\"https:\\\/\\\/www.youtube.com\\\/channel\\\/UCvKHQ6x3z705QdUg8dx9AsQ\"]}]}<\/script>\n<!-- \/ Yoast SEO plugin. -->","yoast_head_json":{"title":"[:ca]Els nostres clients[:es]Nuestros clientes[:] - Estudi 33","robots":{"index":"index","follow":"follow","max-snippet":"max-snippet:-1","max-image-preview":"max-image-preview:large","max-video-preview":"max-video-preview:-1"},"canonical":"https:\/\/www.estudi33.net\/els-nostres-clients\/","og_locale":"es_ES","og_type":"article","og_title":"[:ca]Els nostres clients[:es]Nuestros clientes[:] - Estudi 33","og_description":"A ellos nos debemos, para ellos trabajamos, gracias a ellos vamos creciendo. Importante dedicar esta secci\u00f3n a todos los clientes que d\u00eda detr\u00e1s d\u00eda conf\u00edan en Estudi 33. Algunos hace m\u00e1s de 10 a\u00f1os que lo hacen; otros son m\u00e1s recientes. Pero todos formamos parte de una gran familia. \u00a1Mil gracias!","og_url":"https:\/\/www.estudi33.net\/els-nostres-clients\/","og_site_name":"Estudi 33","article_publisher":"https:\/\/www.facebook.com\/estudi33produccions\/","article_modified_time":"2025-01-20T21:35:28+00:00","twitter_card":"summary_large_image","twitter_site":"@estudi33","twitter_misc":{"Tiempo de lectura":"1 minuto"},"schema":{"@context":"https:\/\/schema.org","@graph":[{"@type":"WebPage","@id":"https:\/\/www.estudi33.net\/els-nostres-clients\/","url":"https:\/\/www.estudi33.net\/els-nostres-clients\/","name":"[:ca]Els nostres clients[:es]Nuestros clientes[:] - Estudi 33","isPartOf":{"@id":"https:\/\/www.estudi33.net\/#website"},"datePublished":"2019-05-02T22:20:10+00:00","dateModified":"2025-01-20T21:35:28+00:00","breadcrumb":{"@id":"https:\/\/www.estudi33.net\/els-nostres-clients\/#breadcrumb"},"inLanguage":"es","potentialAction":[{"@type":"ReadAction","target":["https:\/\/www.estudi33.net\/els-nostres-clients\/"]}]},{"@type":"BreadcrumbList","@id":"https:\/\/www.estudi33.net\/els-nostres-clients\/#breadcrumb","itemListElement":[{"@type":"ListItem","position":1,"name":"Portada","item":"https:\/\/www.estudi33.net\/"},{"@type":"ListItem","position":2,"name":"Nuestros clientes"}]},{"@type":"WebSite","@id":"https:\/\/www.estudi33.net\/#website","url":"https:\/\/www.estudi33.net\/","name":"Estudi 33","description":"Agencia de comunicaci\u00f3n en Girona","publisher":{"@id":"https:\/\/www.estudi33.net\/#organization"},"potentialAction":[{"@type":"SearchAction","target":{"@type":"EntryPoint","urlTemplate":"https:\/\/www.estudi33.net\/?s={search_term_string}"},"query-input":{"@type":"PropertyValueSpecification","valueRequired":true,"valueName":"search_term_string"}}],"inLanguage":"es"},{"@type":"Organization","@id":"https:\/\/www.estudi33.net\/#organization","name":"Estudi 33","url":"https:\/\/www.estudi33.net\/","logo":{"@type":"ImageObject","inLanguage":"es","@id":"https:\/\/www.estudi33.net\/#\/schema\/logo\/image\/","url":"https:\/\/www.estudi33.net\/wp-content\/uploads\/2021\/02\/Estudi-33-Comunicacio-Marqueting-Logo.png","contentUrl":"https:\/\/www.estudi33.net\/wp-content\/uploads\/2021\/02\/Estudi-33-Comunicacio-Marqueting-Logo.png","width":350,"height":116,"caption":"Estudi 33"},"image":{"@id":"https:\/\/www.estudi33.net\/#\/schema\/logo\/image\/"},"sameAs":["https:\/\/www.facebook.com\/estudi33produccions\/","https:\/\/x.com\/estudi33","https:\/\/www.instagram.com\/estudi33_produccions\/","https:\/\/www.linkedin.com\/company-beta\/2639775\/","https:\/\/www.youtube.com\/channel\/UCvKHQ6x3z705QdUg8dx9AsQ"]}]}},"_links":{"self":[{"href":"https:\/\/www.estudi33.net\/es\/wp-json\/wp\/v2\/pages\/3010","targetHints":{"allow":["GET"]}}],"collection":[{"href":"https:\/\/www.estudi33.net\/es\/wp-json\/wp\/v2\/pages"}],"about":[{"href":"https:\/\/www.estudi33.net\/es\/wp-json\/wp\/v2\/types\/page"}],"author":[{"embeddable":true,"href":"https:\/\/www.estudi33.net\/es\/wp-json\/wp\/v2\/users\/1"}],"replies":[{"embeddable":true,"href":"https:\/\/www.estudi33.net\/es\/wp-json\/wp\/v2\/comments?post=3010"}],"version-history":[{"count":0,"href":"https:\/\/www.estudi33.net\/es\/wp-json\/wp\/v2\/pages\/3010\/revisions"}],"wp:attachment":[{"href":"https:\/\/www.estudi33.net\/es\/wp-json\/wp\/v2\/media?parent=3010"}],"curies":[{"name":"wp","href":"https:\/\/api.w.org\/{rel}","templated":true}]}}