{"id":4534,"date":"2021-04-11T20:11:47","date_gmt":"2021-04-11T18:11:47","guid":{"rendered":"https:\/\/www.estudi33.net\/?page_id=4534"},"modified":"2023-08-09T12:02:58","modified_gmt":"2023-08-09T10:02:58","slug":"portfolio-esdeveniments","status":"publish","type":"page","link":"https:\/\/www.estudi33.net\/es\/portfolio-esdeveniments\/","title":{"rendered":"Portfolio eventos"},"content":{"rendered":"\t\t<div data-elementor-type=\"wp-page\" data-elementor-id=\"4534\" class=\"elementor elementor-4534\" data-elementor-post-type=\"page\">\n\t\t\t\t\t\t<section class=\"elementor-section elementor-top-section elementor-element elementor-element-5111c46c elementor-section-full_width elementor-section-height-default elementor-section-height-default\" data-id=\"5111c46c\" data-element_type=\"section\" data-e-type=\"section\">\n\t\t\t\t\t\t<div class=\"elementor-container elementor-column-gap-no\">\n\t\t\t\t\t<div class=\"elementor-column elementor-col-100 elementor-top-column elementor-element elementor-element-c625de6\" data-id=\"c625de6\" data-element_type=\"column\" data-e-type=\"column\">\n\t\t\t<div class=\"elementor-widget-wrap elementor-element-populated\">\n\t\t\t\t\t\t<div class=\"elementor-element elementor-element-a48a683 premium-blog-align-center elementor-widget elementor-widget-premium-addon-blog\" data-id=\"a48a683\" data-element_type=\"widget\" data-e-type=\"widget\" data-settings=\"{&quot;premium_blog_columns_number_tablet&quot;:&quot;100%&quot;,&quot;premium_blog_grid&quot;:&quot;yes&quot;,&quot;premium_blog_layout&quot;:&quot;even&quot;,&quot;premium_blog_columns_number&quot;:&quot;50%&quot;,&quot;premium_blog_columns_number_mobile&quot;:&quot;100%&quot;,&quot;scroll_to_offset&quot;:&quot;yes&quot;}\" data-widget_type=\"premium-addon-blog.default\">\n\t\t\t\t\t\n\t\t\n\n\t\t\t\t<div class=\"premium-blog-wrap  premium-blog-even\" data-page=\"4534\" data-pagination=\"true\">\n\t\t\t\t\t\t\t\t\t<div class=\"premium-blog-post-outer-container\" data-total=\"7\">\n\t\t\t<div class=\"premium-blog-post-container premium-blog-skin-modern\">\n\t\t\t\t\t\t\t\t\t<div class=\"premium-blog-thumb-effect-wrapper\">\n\t\t\t\t\t\t<div class=\"premium-blog-thumbnail-container premium-blog-zoomin-effect\">\n\t\t\t\t\t\t\t\t\t\t\t<a href=\"https:\/\/www.estudi33.net\/es\/taula-rodona-el-nostre-futur-a-lescola-les-alzines\/\" target=\"_blank\">\n\t\t\t\t<img fetchpriority=\"high\" decoding=\"async\" width=\"900\" height=\"600\" src=\"https:\/\/www.estudi33.net\/wp-content\/uploads\/2025\/01\/Estudi-33-Blog-Taula-rodona-El-nostre-futur-a-lescola-Les-Alzines-a-Girona-01.jpg\" class=\"attachment-full size-full wp-image-6819\" alt=\"Estudi 33 - Blog - Taula rodona \u201cEl nostre futur\u201d a l\u2019escola Les Alzines, a Girona\" srcset=\"https:\/\/www.estudi33.net\/wp-content\/uploads\/2025\/01\/Estudi-33-Blog-Taula-rodona-El-nostre-futur-a-lescola-Les-Alzines-a-Girona-01.jpg 900w, https:\/\/www.estudi33.net\/wp-content\/uploads\/2025\/01\/Estudi-33-Blog-Taula-rodona-El-nostre-futur-a-lescola-Les-Alzines-a-Girona-01-300x200.jpg 300w, https:\/\/www.estudi33.net\/wp-content\/uploads\/2025\/01\/Estudi-33-Blog-Taula-rodona-El-nostre-futur-a-lescola-Les-Alzines-a-Girona-01-768x512.jpg 768w\" sizes=\"(max-width: 900px) 100vw, 900px\" \/>\t\t\t\t<\/a>\n\t\t\t\t\t\t\t\t\t\t<\/div>\n\t\t\t\t\t\t\t\t\t\t\t\t\t<div class=\"premium-blog-effect-container premium-blog-framed-effect\">\n\t\t\t\t\t\t\t\t<a class=\"premium-blog-post-link\" href=\"https:\/\/www.estudi33.net\/es\/taula-rodona-el-nostre-futur-a-lescola-les-alzines\/\" target=\"_blank\"><span>Mesa redonda \u201cNuestro futuro\u201d en el colegio Les Alzines<\/span><\/a>\n\t\t\t\t\t\t\t\t\t\t\t\t\t\t\t<\/div>\n\t\t\t\t\t\t\t\t\t\t\t<\/div>\n\t\t\t\t\t\t\t\t\t\t\t\t<div class=\"premium-blog-content-wrapper \">\n\n\t\t\t\t\t<div class=\"premium-blog-inner-container\">\n\n\t\t\t\t\t\t\t\t\t\t\t\t\t\t<h2 class=\"premium-blog-entry-title\">\n\t\t\t<a href=\"https:\/\/www.estudi33.net\/es\/taula-rodona-el-nostre-futur-a-lescola-les-alzines\/\" target=\"_blank\">\n\t\t\t\tMesa redonda \u201cNuestro futuro\u201d en el colegio Les Alzines\t\t\t<\/a>\n\t\t<\/h2>\n\t\t\t\t<div class=\"premium-blog-entry-meta\">\n\t\t\t\n\t\t\t\n\t\t\t\n\t\t\t\t\t<\/div>\n\t\t\n\t\t\t\t\t<\/div>\n\n\t\t\t\t\t\t\t<div class=\"premium-blog-content-inner-wrapper\">\n\t\t<p class=\"premium-blog-post-content\"><p style=\"text-align: justify\">El pasado viernes <strong>17 de Enero<\/strong> tuvimos el honor de participar en la mesa redonda \u201c<strong>Nuestro futuro<\/strong>\u201d, dirigida <a href=\"https:\/\/lesalzines.institucio.org\/\" target=\"_blank\" rel=\"noopener\"><strong>alumnas de los Bachilleratos Social y Human\u00edstico del colegio Les Alzines, en Girona<\/strong><\/a>.<\/p>\n<p style=\"text-align: justify\">Una jornada para conectar con las j\u00f3venes estudiantes en un momento decisivo para su futuro y a menudo nada f\u00e1cil: decidir qu\u00e9 carrera elegir.<\/p><\/p>\t\t<\/div>\n\t\t\t\t\t\t\t\n\t\t\t\t<\/div>\n\t\t\t<\/div>\n\t\t<\/div>\n\n\t\t\t\t<div class=\"premium-blog-post-outer-container\" data-total=\"7\">\n\t\t\t<div class=\"premium-blog-post-container premium-blog-skin-modern\">\n\t\t\t\t\t\t\t\t\t<div class=\"premium-blog-thumb-effect-wrapper\">\n\t\t\t\t\t\t<div class=\"premium-blog-thumbnail-container premium-blog-zoomin-effect\">\n\t\t\t\t\t\t\t\t\t\t\t<a href=\"https:\/\/www.estudi33.net\/es\/un-any-mes-pista-de-gel-platja-daro-i-ja-van-cinc\/\" target=\"_blank\">\n\t\t\t\t<img decoding=\"async\" width=\"900\" height=\"600\" src=\"https:\/\/www.estudi33.net\/wp-content\/uploads\/2024\/12\/Estudi-33-Blog-Pista-de-Gel-Platja-dAro-2024-01.jpg\" class=\"attachment-full size-full wp-image-6768\" alt=\"Estudi 33 - Blog - Pista de Gel Platja d&#039;Aro 2024\" srcset=\"https:\/\/www.estudi33.net\/wp-content\/uploads\/2024\/12\/Estudi-33-Blog-Pista-de-Gel-Platja-dAro-2024-01.jpg 900w, https:\/\/www.estudi33.net\/wp-content\/uploads\/2024\/12\/Estudi-33-Blog-Pista-de-Gel-Platja-dAro-2024-01-300x200.jpg 300w, https:\/\/www.estudi33.net\/wp-content\/uploads\/2024\/12\/Estudi-33-Blog-Pista-de-Gel-Platja-dAro-2024-01-768x512.jpg 768w\" sizes=\"(max-width: 900px) 100vw, 900px\" \/>\t\t\t\t<\/a>\n\t\t\t\t\t\t\t\t\t\t<\/div>\n\t\t\t\t\t\t\t\t\t\t\t\t\t<div class=\"premium-blog-effect-container premium-blog-framed-effect\">\n\t\t\t\t\t\t\t\t<a class=\"premium-blog-post-link\" href=\"https:\/\/www.estudi33.net\/es\/un-any-mes-pista-de-gel-platja-daro-i-ja-van-cinc\/\" target=\"_blank\"><span>Un a\u00f1o m\u00e1s, Pista de Gel Platja d\u2019Aro \u2026 \u00a1y ya van cinco!<\/span><\/a>\n\t\t\t\t\t\t\t\t\t\t\t\t\t\t\t<\/div>\n\t\t\t\t\t\t\t\t\t\t\t<\/div>\n\t\t\t\t\t\t\t\t\t\t\t\t<div class=\"premium-blog-content-wrapper \">\n\n\t\t\t\t\t<div class=\"premium-blog-inner-container\">\n\n\t\t\t\t\t\t\t\t\t\t\t\t\t\t<h2 class=\"premium-blog-entry-title\">\n\t\t\t<a href=\"https:\/\/www.estudi33.net\/es\/un-any-mes-pista-de-gel-platja-daro-i-ja-van-cinc\/\" target=\"_blank\">\n\t\t\t\tUn a\u00f1o m\u00e1s, Pista de Gel Platja d\u2019Aro \u2026 \u00a1y ya van cinco!\t\t\t<\/a>\n\t\t<\/h2>\n\t\t\t\t<div class=\"premium-blog-entry-meta\">\n\t\t\t\n\t\t\t\n\t\t\t\n\t\t\t\t\t<\/div>\n\t\t\n\t\t\t\t\t<\/div>\n\n\t\t\t\t\t\t\t<div class=\"premium-blog-content-inner-wrapper\">\n\t\t<p class=\"premium-blog-post-content\"><p style=\"text-align: justify\">Cinco ediciones desde aquella primera pista, m\u00e1s peque\u00f1a, ubicada dentro del <a href=\"https:\/\/www.ppspark.com\" target=\"_blank\" rel=\"noopener\"><strong>Parque de atracciones Pp\u2019s Park<\/strong><\/a>.<\/p>\n<p style=\"text-align: justify\">A\u00f1o tras a\u00f1o la hemos visto crecer, coger forma e identidad, consolidarse hasta llegar a ser una de las actividades navide\u00f1as de referencia en Platja d\u2019Aro, en la Pla\u00e7a dels Estanys.<\/p><\/p>\t\t<\/div>\n\t\t\t\t\t\t\t\n\t\t\t\t<\/div>\n\t\t\t<\/div>\n\t\t<\/div>\n\n\t\t\t\t<div class=\"premium-blog-post-outer-container\" data-total=\"7\">\n\t\t\t<div class=\"premium-blog-post-container premium-blog-skin-modern\">\n\t\t\t\t\t\t\t\t\t<div class=\"premium-blog-thumb-effect-wrapper\">\n\t\t\t\t\t\t<div class=\"premium-blog-thumbnail-container premium-blog-zoomin-effect\">\n\t\t\t\t\t\t\t\t\t\t\t<a href=\"https:\/\/www.estudi33.net\/es\/presentacio-del-pla-local-de-joventut-de-castell-daro-platja-daro-i-sagaro-2025-2028\/\" target=\"_blank\">\n\t\t\t\t<img decoding=\"async\" width=\"900\" height=\"600\" src=\"https:\/\/www.estudi33.net\/wp-content\/uploads\/2024\/12\/Estudi-33-Blog-Presentacio-del-pla-local-de-joventut-de-Castell-dAro-Platja-dAro-i-SAgaro-2025-2028-01.jpg\" class=\"attachment-full size-full wp-image-6738\" alt=\"Estudi 33 - Blog - Presentaci\u00f3 del pla local de joventut de Castell d\u2019Aro, Platja d\u2019Aro i S\u2019Agar\u00f3 2025-2028\" srcset=\"https:\/\/www.estudi33.net\/wp-content\/uploads\/2024\/12\/Estudi-33-Blog-Presentacio-del-pla-local-de-joventut-de-Castell-dAro-Platja-dAro-i-SAgaro-2025-2028-01.jpg 900w, https:\/\/www.estudi33.net\/wp-content\/uploads\/2024\/12\/Estudi-33-Blog-Presentacio-del-pla-local-de-joventut-de-Castell-dAro-Platja-dAro-i-SAgaro-2025-2028-01-300x200.jpg 300w, https:\/\/www.estudi33.net\/wp-content\/uploads\/2024\/12\/Estudi-33-Blog-Presentacio-del-pla-local-de-joventut-de-Castell-dAro-Platja-dAro-i-SAgaro-2025-2028-01-768x512.jpg 768w\" sizes=\"(max-width: 900px) 100vw, 900px\" \/>\t\t\t\t<\/a>\n\t\t\t\t\t\t\t\t\t\t<\/div>\n\t\t\t\t\t\t\t\t\t\t\t\t\t<div class=\"premium-blog-effect-container premium-blog-framed-effect\">\n\t\t\t\t\t\t\t\t<a class=\"premium-blog-post-link\" href=\"https:\/\/www.estudi33.net\/es\/presentacio-del-pla-local-de-joventut-de-castell-daro-platja-daro-i-sagaro-2025-2028\/\" target=\"_blank\"><span>Presentaci\u00f3n del plan local de juventud de Castell d\u2019Aro, Platja d\u2019Aro i S\u2019Agar\u00f3 2025-2028<\/span><\/a>\n\t\t\t\t\t\t\t\t\t\t\t\t\t\t\t<\/div>\n\t\t\t\t\t\t\t\t\t\t\t<\/div>\n\t\t\t\t\t\t\t\t\t\t\t\t<div class=\"premium-blog-content-wrapper \">\n\n\t\t\t\t\t<div class=\"premium-blog-inner-container\">\n\n\t\t\t\t\t\t\t\t\t\t\t\t\t\t<h2 class=\"premium-blog-entry-title\">\n\t\t\t<a href=\"https:\/\/www.estudi33.net\/es\/presentacio-del-pla-local-de-joventut-de-castell-daro-platja-daro-i-sagaro-2025-2028\/\" target=\"_blank\">\n\t\t\t\tPresentaci\u00f3n del plan local de juventud de Castell d\u2019Aro, Platja d\u2019Aro i S\u2019Agar\u00f3 2025-2028\t\t\t<\/a>\n\t\t<\/h2>\n\t\t\t\t<div class=\"premium-blog-entry-meta\">\n\t\t\t\n\t\t\t\n\t\t\t\n\t\t\t\t\t<\/div>\n\t\t\n\t\t\t\t\t<\/div>\n\n\t\t\t\t\t\t\t<div class=\"premium-blog-content-inner-wrapper\">\n\t\t<p class=\"premium-blog-post-content\"><p style=\"text-align: justify\">El pasado viernes 29 de Noviembre se llev\u00f3 a cabo la presentaci\u00f3n del <strong>plan local de juventud de Castell d'Aro, Playa de Aro y S\u2019Agar\u00f3 2025-2028<\/strong>.<\/p><\/p>\t\t<\/div>\n\t\t\t\t\t\t\t\n\t\t\t\t<\/div>\n\t\t\t<\/div>\n\t\t<\/div>\n\n\t\t\t\t<div class=\"premium-blog-post-outer-container\" data-total=\"7\">\n\t\t\t<div class=\"premium-blog-post-container premium-blog-skin-modern\">\n\t\t\t\t\t\t\t\t\t<div class=\"premium-blog-thumb-effect-wrapper\">\n\t\t\t\t\t\t<div class=\"premium-blog-thumbnail-container premium-blog-zoomin-effect\">\n\t\t\t\t\t\t\t\t\t\t\t<a href=\"https:\/\/www.estudi33.net\/es\/caestudi-33-al-2on-showroom-bonetesestudi-33-en-el-2o-showroom-bonet\/\" target=\"_blank\">\n\t\t\t\t<img loading=\"lazy\" decoding=\"async\" width=\"900\" height=\"600\" src=\"https:\/\/www.estudi33.net\/wp-content\/uploads\/2024\/10\/Estudi-33-Blog-Estudi-33-al-2on-Showroom-Bonet-01.jpg\" class=\"attachment-full size-full wp-image-6658\" alt=\"Estudi 33 - Blog - Estudi 33 al 2on Showroom Bonet\" srcset=\"https:\/\/www.estudi33.net\/wp-content\/uploads\/2024\/10\/Estudi-33-Blog-Estudi-33-al-2on-Showroom-Bonet-01.jpg 900w, https:\/\/www.estudi33.net\/wp-content\/uploads\/2024\/10\/Estudi-33-Blog-Estudi-33-al-2on-Showroom-Bonet-01-300x200.jpg 300w, https:\/\/www.estudi33.net\/wp-content\/uploads\/2024\/10\/Estudi-33-Blog-Estudi-33-al-2on-Showroom-Bonet-01-768x512.jpg 768w\" sizes=\"(max-width: 900px) 100vw, 900px\" \/>\t\t\t\t<\/a>\n\t\t\t\t\t\t\t\t\t\t<\/div>\n\t\t\t\t\t\t\t\t\t\t\t\t\t<div class=\"premium-blog-effect-container premium-blog-framed-effect\">\n\t\t\t\t\t\t\t\t<a class=\"premium-blog-post-link\" href=\"https:\/\/www.estudi33.net\/es\/caestudi-33-al-2on-showroom-bonetesestudi-33-en-el-2o-showroom-bonet\/\" target=\"_blank\"><span>\u00a1Estudi 33 en el 2\u00ba Showroom Bonet!<\/span><\/a>\n\t\t\t\t\t\t\t\t\t\t\t\t\t\t\t<\/div>\n\t\t\t\t\t\t\t\t\t\t\t<\/div>\n\t\t\t\t\t\t\t\t\t\t\t\t<div class=\"premium-blog-content-wrapper \">\n\n\t\t\t\t\t<div class=\"premium-blog-inner-container\">\n\n\t\t\t\t\t\t\t\t\t\t\t\t\t\t<h2 class=\"premium-blog-entry-title\">\n\t\t\t<a href=\"https:\/\/www.estudi33.net\/es\/caestudi-33-al-2on-showroom-bonetesestudi-33-en-el-2o-showroom-bonet\/\" target=\"_blank\">\n\t\t\t\t\u00a1Estudi 33 en el 2\u00ba Showroom Bonet!\t\t\t<\/a>\n\t\t<\/h2>\n\t\t\t\t<div class=\"premium-blog-entry-meta\">\n\t\t\t\n\t\t\t\n\t\t\t\n\t\t\t\t\t<\/div>\n\t\t\n\t\t\t\t\t<\/div>\n\n\t\t\t\t\t\t\t<div class=\"premium-blog-content-inner-wrapper\">\n\t\t<p class=\"premium-blog-post-content\"><p style=\"text-align: justify\">El pasado lunes <strong>21 de Octubre<\/strong> la <strong>Sala Catalunya del Hotel Carlemany en Girona<\/strong> se llen\u00f3 de vino, de buen vino. Pero tambi\u00e9n de grandes personas, de magn\u00edficos proyectos y de lo bueno y mejor que puede dar de s\u00ed nuestra tierra.<\/p><\/p>\t\t<\/div>\n\t\t\t\t\t\t\t\n\t\t\t\t<\/div>\n\t\t\t<\/div>\n\t\t<\/div>\n\n\t\t\t\t\t\t\t<\/div>\n\n\t\t\t\t\t<div class=\"premium-blog-footer\">\n\t\t\t\t\t\t\t<nav class=\"premium-blog-pagination-container\" role=\"navigation\" aria-label=\"Paginaci\u00f3n\">\n\t\t\t\t<span aria-current=\"page\" class=\"page-numbers current\">1<\/span>\n<a class=\"page-numbers\" href=\"https:\/\/www.estudi33.net\/es\/wp-json\/wp\/v2\/pages\/4534\/page\/2\/\">2<\/a>\n<a class=\"page-numbers\" href=\"https:\/\/www.estudi33.net\/es\/wp-json\/wp\/v2\/pages\/4534\/page\/3\/\">3<\/a>\n<span class=\"page-numbers dots\">&hellip;<\/span>\n<a class=\"page-numbers\" href=\"https:\/\/www.estudi33.net\/es\/wp-json\/wp\/v2\/pages\/4534\/page\/7\/\">7<\/a>\t\t\t<\/nav>\n\t\t\t\t\t\t<\/div>\n\t\t\n\t\t\n\t\t\t\t\t\t<\/div>\n\t\t\t\t\t<\/div>\n\t\t<\/div>\n\t\t\t\t\t<\/div>\n\t\t<\/section>\n\t\t\t\t<\/div>\n\t\t","protected":false},"excerpt":{"rendered":"<p>Presentaci\u00f3 de la primera Jornada d\u2019Emprenedoria Presentaci\u00f3 de la primera Jornada d\u2019Emprenedoria Los Ayuntamientos de Castell-Platja d&#8217;Aro y Santa Cristina d&#8217;Aro organizaron el pasado mi\u00e9rcoles 31 de mayo la 1\u00aa Jornada de Emprendimiento. Un acto que cont\u00f3 con el testimonio de j\u00f3venes emprendedores que nos presentaron sus proyectos, sus empresas, su camino al emprendimiento y<br \/><a class=\"moretag\" href=\"https:\/\/www.estudi33.net\/es\/caestudi-33-al-2on-showroom-bonetesestudi-33-en-el-2o-showroom-bonet\/\">+ Read More<\/a><\/p>\n","protected":false},"author":1,"featured_media":2157,"parent":0,"menu_order":0,"comment_status":"closed","ping_status":"closed","template":"templates\/page-fullwidth_template.php","meta":{"footnotes":""},"class_list":["post-4534","page","type-page","status-publish","has-post-thumbnail","hentry"],"yoast_head":"<!-- This site is optimized with the Yoast SEO plugin v27.5 - https:\/\/yoast.com\/product\/yoast-seo-wordpress\/ -->\n<title>Portfolio eventos - Estudi 33<\/title>\n<meta name=\"robots\" content=\"index, follow, max-snippet:-1, max-image-preview:large, max-video-preview:-1\" \/>\n<link rel=\"canonical\" href=\"https:\/\/www.estudi33.net\/portfolio-esdeveniments\/\" \/>\n<meta property=\"og:locale\" content=\"es_ES\" \/>\n<meta property=\"og:type\" content=\"article\" \/>\n<meta property=\"og:title\" content=\"[:ca]Portfolio esdeveniments[:es]Portfolio eventos[:] - Estudi 33\" \/>\n<meta property=\"og:description\" content=\"Presentaci\u00f3 de la primera Jornada d\u2019Emprenedoria Presentaci\u00f3 de la primera Jornada d\u2019Emprenedoria Los Ayuntamientos de Castell-Platja d&#8217;Aro y Santa Cristina d&#8217;Aro organizaron el pasado mi\u00e9rcoles 31 de mayo la 1\u00aa Jornada de Emprendimiento. Un acto que cont\u00f3 con el testimonio de j\u00f3venes emprendedores que nos presentaron sus proyectos, sus empresas, su camino al emprendimiento y+ Read More\" \/>\n<meta property=\"og:url\" content=\"https:\/\/www.estudi33.net\/portfolio-esdeveniments\/\" \/>\n<meta property=\"og:site_name\" content=\"Estudi 33\" \/>\n<meta property=\"article:publisher\" content=\"https:\/\/www.facebook.com\/estudi33produccions\/\" \/>\n<meta property=\"article:modified_time\" content=\"2023-08-09T10:02:58+00:00\" \/>\n<meta property=\"og:image\" content=\"https:\/\/www.estudi33.net\/wp-content\/uploads\/2018\/08\/Esdeveniments-H-.jpg\" \/>\n\t<meta property=\"og:image:width\" content=\"1400\" \/>\n\t<meta property=\"og:image:height\" content=\"400\" \/>\n\t<meta property=\"og:image:type\" content=\"image\/jpeg\" \/>\n<meta name=\"twitter:card\" content=\"summary_large_image\" \/>\n<meta name=\"twitter:site\" content=\"@estudi33\" \/>\n<script type=\"application\/ld+json\" class=\"yoast-schema-graph\">{\"@context\":\"https:\\\/\\\/schema.org\",\"@graph\":[{\"@type\":\"WebPage\",\"@id\":\"https:\\\/\\\/www.estudi33.net\\\/portfolio-esdeveniments\\\/\",\"url\":\"https:\\\/\\\/www.estudi33.net\\\/portfolio-esdeveniments\\\/\",\"name\":\"[:ca]Portfolio esdeveniments[:es]Portfolio eventos[:] - Estudi 33\",\"isPartOf\":{\"@id\":\"https:\\\/\\\/www.estudi33.net\\\/#website\"},\"primaryImageOfPage\":{\"@id\":\"https:\\\/\\\/www.estudi33.net\\\/portfolio-esdeveniments\\\/#primaryimage\"},\"image\":{\"@id\":\"https:\\\/\\\/www.estudi33.net\\\/portfolio-esdeveniments\\\/#primaryimage\"},\"thumbnailUrl\":\"https:\\\/\\\/www.estudi33.net\\\/wp-content\\\/uploads\\\/2018\\\/08\\\/Esdeveniments-H-.jpg\",\"datePublished\":\"2021-04-11T18:11:47+00:00\",\"dateModified\":\"2023-08-09T10:02:58+00:00\",\"breadcrumb\":{\"@id\":\"https:\\\/\\\/www.estudi33.net\\\/portfolio-esdeveniments\\\/#breadcrumb\"},\"inLanguage\":\"es\",\"potentialAction\":[{\"@type\":\"ReadAction\",\"target\":[\"https:\\\/\\\/www.estudi33.net\\\/portfolio-esdeveniments\\\/\"]}]},{\"@type\":\"ImageObject\",\"inLanguage\":\"es\",\"@id\":\"https:\\\/\\\/www.estudi33.net\\\/portfolio-esdeveniments\\\/#primaryimage\",\"url\":\"https:\\\/\\\/www.estudi33.net\\\/wp-content\\\/uploads\\\/2018\\\/08\\\/Esdeveniments-H-.jpg\",\"contentUrl\":\"https:\\\/\\\/www.estudi33.net\\\/wp-content\\\/uploads\\\/2018\\\/08\\\/Esdeveniments-H-.jpg\",\"width\":1400,\"height\":400,\"caption\":\"Gesti\u00f3 d'esdeveniments | Estudi 33\"},{\"@type\":\"BreadcrumbList\",\"@id\":\"https:\\\/\\\/www.estudi33.net\\\/portfolio-esdeveniments\\\/#breadcrumb\",\"itemListElement\":[{\"@type\":\"ListItem\",\"position\":1,\"name\":\"Portada\",\"item\":\"https:\\\/\\\/www.estudi33.net\\\/\"},{\"@type\":\"ListItem\",\"position\":2,\"name\":\"Portfolio esdeveniments\"}]},{\"@type\":\"WebSite\",\"@id\":\"https:\\\/\\\/www.estudi33.net\\\/#website\",\"url\":\"https:\\\/\\\/www.estudi33.net\\\/\",\"name\":\"Estudi 33\",\"description\":\"Agencia de comunicaci\u00f3n en Girona\",\"publisher\":{\"@id\":\"https:\\\/\\\/www.estudi33.net\\\/#organization\"},\"potentialAction\":[{\"@type\":\"SearchAction\",\"target\":{\"@type\":\"EntryPoint\",\"urlTemplate\":\"https:\\\/\\\/www.estudi33.net\\\/?s={search_term_string}\"},\"query-input\":{\"@type\":\"PropertyValueSpecification\",\"valueRequired\":true,\"valueName\":\"search_term_string\"}}],\"inLanguage\":\"es\"},{\"@type\":\"Organization\",\"@id\":\"https:\\\/\\\/www.estudi33.net\\\/#organization\",\"name\":\"Estudi 33\",\"url\":\"https:\\\/\\\/www.estudi33.net\\\/\",\"logo\":{\"@type\":\"ImageObject\",\"inLanguage\":\"es\",\"@id\":\"https:\\\/\\\/www.estudi33.net\\\/#\\\/schema\\\/logo\\\/image\\\/\",\"url\":\"https:\\\/\\\/www.estudi33.net\\\/wp-content\\\/uploads\\\/2021\\\/02\\\/Estudi-33-Comunicacio-Marqueting-Logo.png\",\"contentUrl\":\"https:\\\/\\\/www.estudi33.net\\\/wp-content\\\/uploads\\\/2021\\\/02\\\/Estudi-33-Comunicacio-Marqueting-Logo.png\",\"width\":350,\"height\":116,\"caption\":\"Estudi 33\"},\"image\":{\"@id\":\"https:\\\/\\\/www.estudi33.net\\\/#\\\/schema\\\/logo\\\/image\\\/\"},\"sameAs\":[\"https:\\\/\\\/www.facebook.com\\\/estudi33produccions\\\/\",\"https:\\\/\\\/x.com\\\/estudi33\",\"https:\\\/\\\/www.instagram.com\\\/estudi33_produccions\\\/\",\"https:\\\/\\\/www.linkedin.com\\\/company-beta\\\/2639775\\\/\",\"https:\\\/\\\/www.youtube.com\\\/channel\\\/UCvKHQ6x3z705QdUg8dx9AsQ\"]}]}<\/script>\n<!-- \/ Yoast SEO plugin. -->","yoast_head_json":{"title":"[:ca]Portfolio esdeveniments[:es]Portfolio eventos[:] - Estudi 33","robots":{"index":"index","follow":"follow","max-snippet":"max-snippet:-1","max-image-preview":"max-image-preview:large","max-video-preview":"max-video-preview:-1"},"canonical":"https:\/\/www.estudi33.net\/portfolio-esdeveniments\/","og_locale":"es_ES","og_type":"article","og_title":"[:ca]Portfolio esdeveniments[:es]Portfolio eventos[:] - Estudi 33","og_description":"Presentaci\u00f3 de la primera Jornada d\u2019Emprenedoria Presentaci\u00f3 de la primera Jornada d\u2019Emprenedoria Los Ayuntamientos de Castell-Platja d&#8217;Aro y Santa Cristina d&#8217;Aro organizaron el pasado mi\u00e9rcoles 31 de mayo la 1\u00aa Jornada de Emprendimiento. Un acto que cont\u00f3 con el testimonio de j\u00f3venes emprendedores que nos presentaron sus proyectos, sus empresas, su camino al emprendimiento y+ Read More","og_url":"https:\/\/www.estudi33.net\/portfolio-esdeveniments\/","og_site_name":"Estudi 33","article_publisher":"https:\/\/www.facebook.com\/estudi33produccions\/","article_modified_time":"2023-08-09T10:02:58+00:00","og_image":[{"width":1400,"height":400,"url":"https:\/\/www.estudi33.net\/wp-content\/uploads\/2018\/08\/Esdeveniments-H-.jpg","type":"image\/jpeg"}],"twitter_card":"summary_large_image","twitter_site":"@estudi33","schema":{"@context":"https:\/\/schema.org","@graph":[{"@type":"WebPage","@id":"https:\/\/www.estudi33.net\/portfolio-esdeveniments\/","url":"https:\/\/www.estudi33.net\/portfolio-esdeveniments\/","name":"[:ca]Portfolio esdeveniments[:es]Portfolio eventos[:] - Estudi 33","isPartOf":{"@id":"https:\/\/www.estudi33.net\/#website"},"primaryImageOfPage":{"@id":"https:\/\/www.estudi33.net\/portfolio-esdeveniments\/#primaryimage"},"image":{"@id":"https:\/\/www.estudi33.net\/portfolio-esdeveniments\/#primaryimage"},"thumbnailUrl":"https:\/\/www.estudi33.net\/wp-content\/uploads\/2018\/08\/Esdeveniments-H-.jpg","datePublished":"2021-04-11T18:11:47+00:00","dateModified":"2023-08-09T10:02:58+00:00","breadcrumb":{"@id":"https:\/\/www.estudi33.net\/portfolio-esdeveniments\/#breadcrumb"},"inLanguage":"es","potentialAction":[{"@type":"ReadAction","target":["https:\/\/www.estudi33.net\/portfolio-esdeveniments\/"]}]},{"@type":"ImageObject","inLanguage":"es","@id":"https:\/\/www.estudi33.net\/portfolio-esdeveniments\/#primaryimage","url":"https:\/\/www.estudi33.net\/wp-content\/uploads\/2018\/08\/Esdeveniments-H-.jpg","contentUrl":"https:\/\/www.estudi33.net\/wp-content\/uploads\/2018\/08\/Esdeveniments-H-.jpg","width":1400,"height":400,"caption":"Gesti\u00f3 d'esdeveniments | Estudi 33"},{"@type":"BreadcrumbList","@id":"https:\/\/www.estudi33.net\/portfolio-esdeveniments\/#breadcrumb","itemListElement":[{"@type":"ListItem","position":1,"name":"Portada","item":"https:\/\/www.estudi33.net\/"},{"@type":"ListItem","position":2,"name":"Portfolio esdeveniments"}]},{"@type":"WebSite","@id":"https:\/\/www.estudi33.net\/#website","url":"https:\/\/www.estudi33.net\/","name":"Estudi 33","description":"Agencia de comunicaci\u00f3n en Girona","publisher":{"@id":"https:\/\/www.estudi33.net\/#organization"},"potentialAction":[{"@type":"SearchAction","target":{"@type":"EntryPoint","urlTemplate":"https:\/\/www.estudi33.net\/?s={search_term_string}"},"query-input":{"@type":"PropertyValueSpecification","valueRequired":true,"valueName":"search_term_string"}}],"inLanguage":"es"},{"@type":"Organization","@id":"https:\/\/www.estudi33.net\/#organization","name":"Estudi 33","url":"https:\/\/www.estudi33.net\/","logo":{"@type":"ImageObject","inLanguage":"es","@id":"https:\/\/www.estudi33.net\/#\/schema\/logo\/image\/","url":"https:\/\/www.estudi33.net\/wp-content\/uploads\/2021\/02\/Estudi-33-Comunicacio-Marqueting-Logo.png","contentUrl":"https:\/\/www.estudi33.net\/wp-content\/uploads\/2021\/02\/Estudi-33-Comunicacio-Marqueting-Logo.png","width":350,"height":116,"caption":"Estudi 33"},"image":{"@id":"https:\/\/www.estudi33.net\/#\/schema\/logo\/image\/"},"sameAs":["https:\/\/www.facebook.com\/estudi33produccions\/","https:\/\/x.com\/estudi33","https:\/\/www.instagram.com\/estudi33_produccions\/","https:\/\/www.linkedin.com\/company-beta\/2639775\/","https:\/\/www.youtube.com\/channel\/UCvKHQ6x3z705QdUg8dx9AsQ"]}]}},"_links":{"self":[{"href":"https:\/\/www.estudi33.net\/es\/wp-json\/wp\/v2\/pages\/4534","targetHints":{"allow":["GET"]}}],"collection":[{"href":"https:\/\/www.estudi33.net\/es\/wp-json\/wp\/v2\/pages"}],"about":[{"href":"https:\/\/www.estudi33.net\/es\/wp-json\/wp\/v2\/types\/page"}],"author":[{"embeddable":true,"href":"https:\/\/www.estudi33.net\/es\/wp-json\/wp\/v2\/users\/1"}],"replies":[{"embeddable":true,"href":"https:\/\/www.estudi33.net\/es\/wp-json\/wp\/v2\/comments?post=4534"}],"version-history":[{"count":0,"href":"https:\/\/www.estudi33.net\/es\/wp-json\/wp\/v2\/pages\/4534\/revisions"}],"wp:featuredmedia":[{"embeddable":true,"href":"https:\/\/www.estudi33.net\/es\/wp-json\/wp\/v2\/media\/2157"}],"wp:attachment":[{"href":"https:\/\/www.estudi33.net\/es\/wp-json\/wp\/v2\/media?parent=4534"}],"curies":[{"name":"wp","href":"https:\/\/api.w.org\/{rel}","templated":true}]}}